{"id":37,"date":"2019-09-20T18:02:54","date_gmt":"2019-09-20T18:02:54","guid":{"rendered":"http:\/\/have-mer-c.de\/?page_id=37"},"modified":"2026-01-22T17:06:43","modified_gmt":"2026-01-22T17:06:43","slug":"datenschutz","status":"publish","type":"page","link":"https:\/\/have-mer-c.de\/?page_id=37","title":{"rendered":"Datenschutz"},"content":{"rendered":"<p><span style=\"color: #808080;\"><\/span><\/p>\r\n<h3 id=\"mcetoc_1jfjagtin0\"><span style=\"color: #808080;\">Datenschutzerkl\u00e4rung\u00a0<\/span><\/h3>\r\n<p><span style=\"color: #808080;\">\r\n\r\n<\/span><\/p>\r\n<p><span style=\"color: #808080;\"><strong>Datenschutz\u00a0<\/strong><\/span><\/p>\r\n<p><span style=\"color: #808080;\">\r\n\r\n<\/span><\/p>\r\n<p><span style=\"color: #808080;\">Die Betreiber dieser Seiten nehmen den Schutz Ihrer pers\u00f6nlichen Daten sehr ernst. Wir behandeln Ihre personenbezogenen Daten vertraulich und entsprechend der gesetzlichen Datenschutzvorschriften sowie dieser Datenschutzerkl\u00e4rung.\u00a0<\/span><\/p>\r\n<p><span style=\"color: #808080;\">\r\n\r\n<\/span><\/p>\r\n<p><span style=\"color: #808080;\">Die Nutzung unserer Website ist in der Regel ohne Angabe personenbezogener Daten m\u00f6glich. Soweit auf unseren Seiten personenbezogene Daten (beispielsweise Name, Anschrift oder E-Mail-Adressen) erhoben werden, erfolgt dies, soweit m\u00f6glich, stets auf freiwilliger Basis. Diese Daten werden ohne Ihre ausdr\u00fcckliche Zustimmung nicht an Dritte weitergegeben.\u00a0<\/span><\/p>\r\n<p><span style=\"color: #808080;\">\r\n\r\n<\/span><\/p>\r\n<p><span style=\"color: #808080;\">Wir weisen darauf hin, dass die Daten\u00fcbertragung im Internet (z.B. bei der Kommunikation per E-Mail) Sicherheitsl\u00fccken aufweisen kann. Ein l\u00fcckenloser Schutz der Daten vor dem Zugriff durch Dritte ist nicht m\u00f6glich.\u00a0<\/span><\/p>\r\n<p><span style=\"color: #808080;\">\r\n\r\n<\/span><\/p>\r\n<p><span style=\"color: #808080;\"><strong>Cookies\u00a0<\/strong><\/span><\/p>\r\n<p><span style=\"color: #808080;\">\r\n\r\n<\/span><\/p>\r\n<p><span style=\"color: #808080;\">Die Internetseiten verwenden teilweise so genannte Cookies. Cookies richten auf Ihrem Rechner keinen Schaden an und enthalten keine Viren. Cookies dienen dazu, unser Angebot nutzerfreundlicher, effektiver und sicherer zu machen. Cookies sind kleine Textdateien, die auf Ihrem Rechner abgelegt werden und die Ihr Browser speichert.\u00a0<\/span><\/p>\r\n<p><span style=\"color: #808080;\">\r\n\r\n<\/span><\/p>\r\n<p><span style=\"color: #808080;\">Die meisten der von uns verwendeten Cookies sind so genannte \u201eSession-Cookies\u201c. Sie werden nach Ende Ihres Besuchs automatisch gel\u00f6scht. Andere Cookies bleiben auf Ihrem Endger\u00e4t gespeichert, bis Sie diese l\u00f6schen. Diese Cookies erm\u00f6glichen es uns, Ihren Browser beim n\u00e4chsten Besuch wiederzuerkennen.<\/span><\/p>\r\n<p><span style=\"color: #808080;\">\r\n\r\n<\/span><\/p>\r\n<p><span style=\"color: #808080;\">Sie k\u00f6nnen Ihren Browser so einstellen, dass Sie \u00fcber das Setzen von Cookies informiert werden und Cookies nur im Einzelfall erlauben, die Annahme von Cookies f\u00fcr bestimmte F\u00e4lle oder generell ausschlie\u00dfen sowie das automatische L\u00f6schen der Cookies beim Schlie\u00dfen des Browser aktivieren. Bei der Deaktivierung von Cookies kann die Funktionalit\u00e4t dieser Website eingeschr\u00e4nkt sein.<\/span><\/p>\r\n<p><span style=\"color: #808080;\">\r\n\r\n<\/span><\/p>\r\n<p><span style=\"color: #808080;\"><strong>Server-Log-Files\u00a0<\/strong><\/span><\/p>\r\n<p><span style=\"color: #808080;\">\r\n\r\n<\/span><\/p>\r\n<p><span style=\"color: #808080;\">Der Provider der Seiten erhebt und speichert automatisch Informationen in so genannten Server-Log Files, die Ihr Browser automatisch an uns \u00fcbermittelt. Dies sind:\u00a0<\/span><\/p>\r\n<p><span style=\"color: #808080;\">\r\n\r\n<\/span><\/p>\r\n<ul>\r\n<li><span style=\"color: #808080;\">Browsertyp und Browserversion\u00a0<\/span><\/li>\r\n<li><span style=\"color: #808080;\">verwendetes Betriebssystem<\/span><\/li>\r\n<li><span style=\"color: #808080;\">Referrer URL<\/span><\/li>\r\n<li><span style=\"color: #808080;\">Hostname des zugreifenden Rechners\u00a0<\/span><\/li>\r\n<li><span style=\"color: #808080;\">Uhrzeit der Serveranfrage\u00a0<\/span><\/li>\r\n<\/ul>\r\n<p><span style=\"color: #808080;\">\r\n\r\n<\/span><\/p>\r\n<p><span style=\"color: #808080;\">Diese Daten sind nicht bestimmten Personen zuordenbar. Eine Zusammenf\u00fchrung dieser Daten mit anderen Datenquellen wird nicht vorgenommen. Wir behalten uns vor, diese Daten nachtr\u00e4glich zu pr\u00fcfen, wenn uns konkrete Anhaltspunkte f\u00fcr eine rechtswidrige Nutzung bekannt werden.\u00a0<\/span><\/p>\r\n<p><span style=\"color: #808080;\">\r\n\r\n<\/span><\/p>\r\n<p><span style=\"color: #808080;\"><strong>SSL-Verschl\u00fcsselung\u00a0<\/strong><\/span><\/p>\r\n<p><span style=\"color: #808080;\">\r\n\r\n<\/span><\/p>\r\n<p><span style=\"color: #808080;\">Diese Seite nutzt aus Gr\u00fcnden der Sicherheit und zum Schutz der \u00dcbertragung vertraulicher Inhalte, wie zum Beispiel der Anfragen, die Sie an uns als Seitenbetreiber senden, eine SSL-Verschl\u00fcsselung. Eine verschl\u00fcsselte Verbindung erkennen Sie daran, dass die Adresszeile des Browsers von &#8222;http:\/\/&#8220; auf &#8222;https:\/\/&#8220; wechselt und an dem Schloss-Symbol in Ihrer Browserzeile.\u00a0<\/span><\/p>\r\n<p><span style=\"color: #808080;\">\r\n\r\n<\/span><\/p>\r\n<p><span style=\"color: #808080;\">Wenn die SSL Verschl\u00fcsselung aktiviert ist, k\u00f6nnen die Daten, die Sie an uns \u00fcbermitteln, nicht von Dritten mitgelesen werden.\u00a0<\/span><\/p>\r\n<p><span style=\"color: #808080;\">\r\n\r\n<\/span><\/p>\r\n<p><span style=\"color: #808080;\"><strong>Recht auf Auskunft, L\u00f6schung, Sperrung\u00a0<\/strong><\/span><\/p>\r\n<p><span style=\"color: #808080;\">\r\n\r\n<\/span><\/p>\r\n<p><span style=\"color: #808080;\">Sie haben jederzeit das Recht auf unentgeltliche Auskunft \u00fcber Ihre gespeicherten personenbezogenen Daten, deren Herkunft und Empf\u00e4nger und den Zweck der Datenverarbeitung sowie ein Recht auf Berichtigung, Sperrung oder L\u00f6schung dieser Daten. Hierzu sowie zu weiteren Fragen zum Thema personenbezogene Daten k\u00f6nnen Sie sich jederzeit unter der im Impressum angegebenen Adresse an uns wenden.\u00a0<\/span><\/p>\r\n<p><span style=\"color: #808080;\">\r\n\r\n<\/span><\/p>\r\n<p><span style=\"color: #808080;\"><strong>Widerspruch Werbe-Mails\u00a0<\/strong><\/span><\/p>\r\n<p><span style=\"color: #808080;\">\r\n\r\n<\/span><\/p>\r\n<p><span style=\"color: #808080;\">Der Nutzung von im Rahmen der Impressumspflicht ver\u00f6ffentlichten Kontaktdaten zur \u00dcbersendung von nicht ausdr\u00fccklich angeforderter Werbung und Informationsmaterialien wird hiermit widersprochen. Die Betreiber der Seiten behalten sich ausdr\u00fccklich rechtliche Schritte im Falle der unverlangten Zusendung von Werbeinformationen, etwa durch Spam-E-Mails, vor.\u00a0<\/span><\/p>\r\n<p><span style=\"color: #808080;\"><strong>YouTube-Videos\u00a0<\/strong><\/span><\/p>\r\n<p><span style=\"color: #808080;\">\r\n\r\n<\/span><\/p>\r\n<p><span style=\"color: #808080;\">Wir binden Videos von YouTube ein, um Nutzern Videoinhalte bereitzustellen. <\/span><br \/><span style=\"color: #808080;\">Durch die Nutzung von YouTube werden Daten wie IP-Adressen an Google \u00fcbermittelt, um das Video korrekt bereitzustellen. <\/span><br \/><span style=\"color: #808080;\">Nutzer k\u00f6nnen YouTube-Einstellungen anpassen, um personalisierte Werbung zu deaktivieren.<\/span><\/p>\r\n<p>&nbsp;<\/p>\r\n<p>&nbsp;<\/p>\r\n<p><span style=\"color: #808080;\"><\/span><\/p>","protected":false},"excerpt":{"rendered":"<p>Datenschutzerkl\u00e4rung\u00a0 Datenschutz\u00a0 Die Betreiber dieser Seiten nehmen den Schutz Ihrer pers\u00f6nlichen Daten sehr ernst. Wir behandeln Ihre personenbezogenen Daten vertraulich und entsprechend der gesetzlichen Datenschutzvorschriften sowie dieser Datenschutzerkl\u00e4rung.\u00a0 Die Nutzung unserer Website ist in der Regel ohne Angabe personenbezogener Daten m\u00f6glich. Soweit auf unseren Seiten personenbezogene Daten (beispielsweise Name, Anschrift oder E-Mail-Adressen) erhoben werden, erfolgt [&hellip;]<\/p>\n","protected":false},"author":1,"featured_media":0,"parent":0,"menu_order":0,"comment_status":"closed","ping_status":"closed","template":"","meta":[],"_links":{"self":[{"href":"https:\/\/have-mer-c.de\/index.php?rest_route=\/wp\/v2\/pages\/37"}],"collection":[{"href":"https:\/\/have-mer-c.de\/index.php?rest_route=\/wp\/v2\/pages"}],"about":[{"href":"https:\/\/have-mer-c.de\/index.php?rest_route=\/wp\/v2\/types\/page"}],"author":[{"embeddable":true,"href":"https:\/\/have-mer-c.de\/index.php?rest_route=\/wp\/v2\/users\/1"}],"replies":[{"embeddable":true,"href":"https:\/\/have-mer-c.de\/index.php?rest_route=%2Fwp%2Fv2%2Fcomments&post=37"}],"version-history":[{"count":5,"href":"https:\/\/have-mer-c.de\/index.php?rest_route=\/wp\/v2\/pages\/37\/revisions"}],"predecessor-version":[{"id":364,"href":"https:\/\/have-mer-c.de\/index.php?rest_route=\/wp\/v2\/pages\/37\/revisions\/364"}],"wp:attachment":[{"href":"https:\/\/have-mer-c.de\/index.php?rest_route=%2Fwp%2Fv2%2Fmedia&parent=37"}],"curies":[{"name":"wp","href":"https:\/\/api.w.org\/{rel}","templated":true}]}}